{"id":572,"date":"2006-08-05T18:29:54","date_gmt":"2006-08-05T16:29:54","guid":{"rendered":"http:\/\/www.djtonio.fr\/blog\/?page_id=11"},"modified":"2024-08-28T01:44:22","modified_gmt":"2024-08-27T23:44:22","slug":"a-propos","status":"publish","type":"page","link":"https:\/\/www.djtonio.fr\/?page_id=572","title":{"rendered":"A propos"},"content":{"rendered":"<p>Ce site ne sert \u00e0 rien. Si vous \u00eates ici, c&rsquo;est sans doute que vous vous \u00eates perdu&#8230;. <a href=\"http:\/\/www.perdu.com\" target=\"_blank\" rel=\"noopener\">un peu d&rsquo;aide ?<\/a><\/p>\n<p>Techniquement, ce blog est h\u00e9berg\u00e9 sur une machine de <a href=\"http:\/\/www.ovh.com\">On Vous H\u00e9berge<\/a>,\u00a0 un syst\u00e8me d&rsquo;exploitation <a href=\"http:\/\/www.debian.org\" target=\"_blank\" rel=\"noopener\">Debian<\/a>, avec le CMS <a title=\"Wordpress\" href=\"http:\/\/www.wordpress.org\">WordPress<\/a><\/p>\n<p>&nbsp;<\/p>\n","protected":false},"excerpt":{"rendered":"<p>Ce site ne sert \u00e0 rien. Si vous \u00eates ici, c&rsquo;est sans doute que vous vous \u00eates perdu&#8230;. un peu d&rsquo;aide ? Techniquement, ce blog est h\u00e9berg\u00e9 sur une machine de On Vous H\u00e9berge,\u00a0 un syst\u00e8me d&rsquo;exploitation Debian, avec le CMS WordPress &nbsp;<\/p>\n","protected":false},"author":1,"featured_media":0,"parent":0,"menu_order":0,"comment_status":"open","ping_status":"open","template":"","meta":{"footnotes":""},"class_list":["post-572","page","type-page","status-publish","hentry"],"_links":{"self":[{"href":"https:\/\/www.djtonio.fr\/index.php?rest_route=\/wp\/v2\/pages\/572","targetHints":{"allow":["GET"]}}],"collection":[{"href":"https:\/\/www.djtonio.fr\/index.php?rest_route=\/wp\/v2\/pages"}],"about":[{"href":"https:\/\/www.djtonio.fr\/index.php?rest_route=\/wp\/v2\/types\/page"}],"author":[{"embeddable":true,"href":"https:\/\/www.djtonio.fr\/index.php?rest_route=\/wp\/v2\/users\/1"}],"replies":[{"embeddable":true,"href":"https:\/\/www.djtonio.fr\/index.php?rest_route=%2Fwp%2Fv2%2Fcomments&post=572"}],"version-history":[{"count":33,"href":"https:\/\/www.djtonio.fr\/index.php?rest_route=\/wp\/v2\/pages\/572\/revisions"}],"predecessor-version":[{"id":1775,"href":"https:\/\/www.djtonio.fr\/index.php?rest_route=\/wp\/v2\/pages\/572\/revisions\/1775"}],"wp:attachment":[{"href":"https:\/\/www.djtonio.fr\/index.php?rest_route=%2Fwp%2Fv2%2Fmedia&parent=572"}],"curies":[{"name":"wp","href":"https:\/\/api.w.org\/{rel}","templated":true}]}}